{"id":4229,"date":"2022-05-16T15:08:30","date_gmt":"2022-05-16T12:08:30","guid":{"rendered":"https:\/\/www.archfondas.lt\/prisidek\/"},"modified":"2023-04-23T17:17:51","modified_gmt":"2023-04-23T14:17:51","slug":"prisidek","status":"publish","type":"page","link":"https:\/\/archfondas.lt\/en\/prisidek\/","title":{"rendered":"Contribute"},"content":{"rendered":"\n<h2 class=\"wp-block-heading framed\">Contribute to the activities of <em>Architekt\u016bros fondas<\/em><\/h2>\n\n\n\n<p>Everyone can contribute to our activities! Whether it is by volunteering, financial or verbal support, every action is crucial for us to create and nurture the culture of architecture. We are truly grateful to all the dedicated architecture enthusiasts who help us to realise a wide range of activities and to ensure the culture of architecture is accessible to all. If you would like to contribute too, here are some ways you can do so.<\/p>\n\n\n\n<hr class=\"wp-block-separator has-alpha-channel-opacity\"\/>\n\n\n\n<h2 class=\"wp-block-heading\">Donate now<\/h2>\n\n\n\n<p>We want all our activities and events to be open and accessible to all, so we organise them free of charge. If you would like to contribute financially to our activities or to thank us for the opportunity to participate in our events, we invite you to do so voluntarily by filling in the table below and supporting us with the amount of your choice. All funds raised will be used for the further implementation of our projects.<\/p>\n\n\n\n<input type=\"hidden\" id=\"chosen-amount\" value=\"0\">\n<div class=\"col border-t border-b no-padding opay\" id=\"opay\">\n    <div class=\"opay-row\">\n        <div class=\"amount\" data-amount=\"2\">2<\/div>\n        <div class=\"amount\" data-amount=\"5\">5<\/div>\n        <div class=\"amount\" data-amount=\"10\">10<\/div>\n        <div class=\"amount\" data-amount=\"15\">15<\/div>\n        <div class=\"amount\" data-amount=\"20\">20<\/div>\n        <div class=\"own-amount\">\n            <input type=\"text\" name=\"donate-own-amount\" id=\"own-amount\" placeholder=\"Donate other amount\" \/>\n        <\/div>\n    <\/div>\n    <div class=\"error-text\" id=\"donate-amount-error\">Please choose or enter amount<\/div>\n    <div class=\"opay-row\">\n        <input type=\"email\" id=\"donor-email\" value=\"\" placeholder=\"Email\">\n        <a href=\"javascript:;\" class=\"button donate highlight\">Support&nbsp;<svg version=\"1.1\" id=\"Layer_1\" xmlns=\"http:\/\/www.w3.org\/2000\/svg\" xmlns:xlink=\"http:\/\/www.w3.org\/1999\/xlink\" x=\"0px\" y=\"0px\"\n\t viewBox=\"0 0 37 34\" style=\"enable-background:new 0 0 37 34;\" xml:space=\"preserve\">\n<style type=\"text\/css\">\n\t.st0{stroke-width:2;}\n<\/style>\n<path fill=\"none\" stroke=\"black\" class=\"st0\" d=\"M1,4.5l18,8.6v3.1L1,25.5\"\/>\n<path fill=\"none\" stroke=\"black\" class=\"st0\" d=\"M19,4.5l17,8.6v3.1l-17,9.3\"\/>\n<\/svg><\/a>\n    <\/div>\n    <div class=\"error-text\" id=\"donate-email-error\">Please enter your email address<\/div>\n<\/div>\n<script>\n  \/\/jq2 = jQuery.noConflict();\n  jQuery(document).ready(function($){\n    \n    $('.amount').click(function(){ \n      $('.amount').removeClass('highlighted'); \n      $(this).addClass('highlighted');\n      $('.own-amount').removeClass('highlighted');\n      \n      $('#chosen-amount').val($(this).attr(\"data-amount\"));\n      $('#donate-amount-error').hide();\n    })\n\n    $('#own-amount').focusin(function(){ \n      $('.amount').removeClass('highlighted'); \n      $('.own-amount').addClass('highlighted');\n      $('#donate-amount-error').hide(); \n      $('#chosen-amount').val('0');\n    })\n    $('#own-amount').focusout(function(){\n      \/\/$('.own-amount').removeClass('highlighted');\n    })\n    $('#donor-email').focusin(function(){ $(this).removeClass('error'); $('#donate-email-error').hide();})\n    \n    $('.button.donate').click(function(){\n      $('#donor-email').removeClass('error');\n      $('#donate-amount-error').hide();\n      $('#donate-email-error').hide();\n      var error = false;\n      \n      var own_amount = Number($('#own-amount').val());\n      var chosen_amount = parseInt($('#chosen-amount').val());\n      var email = $('#donor-email').val();\n      \n      if ( own_amount == 0 && chosen_amount == 0 ){\n        error = true;\n        $('#donate-amount-error').show();\n      }\n      \n      var filter = \/^([\\w-\\.]+)@((\\[[0-9]{1,3}\\.[0-9]{1,3}\\.[0-9]{1,3}\\.)|(([\\w-]+\\.)+))([a-zA-Z]{2,4}|[0-9]{1,3})(\\]?)$\/;\n\n      if (!filter.test(email) || $.trim(email) == '') {\n        error = true;\n        $('#donate-email-error').show();\n      }\n      \n      if (error == true) return;\n      $('.button.donate').hide();\n      $('.loader').removeClass('hidden');\n      \n      if (own_amount > 0)\n        var amount = own_amount;\n      else\n        amount = chosen_amount;\n\n        \n      var theURL = afGlobalVars.ajaxurl + '?action=af_get_payment_gateway_html';\n      jQuery.post(\n        theURL,\n        {\n                'action'         : 'af_get_payment_gateway_html',\n                'email'          : email,\n                'amount'         : amount\n        },\n        function(result){\n            $('.opay').html( result );\n        }\n      );\n      \n      return false;\n    })\n  })    \n<\/script>\n\n","protected":false},"excerpt":{"rendered":"<p>Contribute to the activities of Architekt\u016bros fondas Everyone can contribute to our activities! Whether it is by volunteering, financial or verbal support, every action is crucial for us to create and nurture the culture of architecture. We are truly grateful to all the dedicated architecture enthusiasts who help us to realise a wide range of [&hellip;]<\/p>\n","protected":false},"author":1,"featured_media":25858,"parent":0,"menu_order":0,"comment_status":"closed","ping_status":"closed","template":"contribute.php","meta":{"_acf_changed":false,"footnotes":""},"class_list":["post-4229","page","type-page","status-publish","has-post-thumbnail","hentry"],"acf":[],"yoast_head":"<!-- This site is optimized with the Yoast SEO plugin v24.1 - https:\/\/yoast.com\/wordpress\/plugins\/seo\/ -->\n<title>Contribute &#8211; Architekt\u016bros fondas<\/title>\n<meta name=\"robots\" content=\"index, follow, max-snippet:-1, max-image-preview:large, max-video-preview:-1\" \/>\n<link rel=\"canonical\" href=\"https:\/\/archfondas.lt\/en\/prisidek\/\" \/>\n<meta property=\"og:locale\" content=\"en_US\" \/>\n<meta property=\"og:type\" content=\"article\" \/>\n<meta property=\"og:title\" content=\"Contribute &#8211; Architekt\u016bros fondas\" \/>\n<meta property=\"og:description\" content=\"Contribute to the activities of Architekt\u016bros fondas Everyone can contribute to our activities! Whether it is by volunteering, financial or verbal support, every action is crucial for us to create and nurture the culture of architecture. We are truly grateful to all the dedicated architecture enthusiasts who help us to realise a wide range of [&hellip;]\" \/>\n<meta property=\"og:url\" content=\"https:\/\/archfondas.lt\/en\/prisidek\/\" \/>\n<meta property=\"og:site_name\" content=\"Architekt\u016bros fondas\" \/>\n<meta property=\"article:publisher\" content=\"https:\/\/www.facebook.com\/archfondas\" \/>\n<meta property=\"article:modified_time\" content=\"2023-04-23T14:17:51+00:00\" \/>\n<meta property=\"og:image\" content=\"https:\/\/archfondas.lt\/wp-content\/uploads\/2023\/04\/75302858_2646511418732634_278170317203963904_n-e1682259461652.jpg\" \/>\n\t<meta property=\"og:image:width\" content=\"1884\" \/>\n\t<meta property=\"og:image:height\" content=\"913\" \/>\n\t<meta property=\"og:image:type\" content=\"image\/jpeg\" \/>\n<meta name=\"twitter:card\" content=\"summary_large_image\" \/>\n<meta name=\"twitter:site\" content=\"@archfondas\" \/>\n<meta name=\"twitter:label1\" content=\"Est. reading time\" \/>\n\t<meta name=\"twitter:data1\" content=\"1 minute\" \/>\n<script type=\"application\/ld+json\" class=\"yoast-schema-graph\">{\"@context\":\"https:\/\/schema.org\",\"@graph\":[{\"@type\":\"WebPage\",\"@id\":\"https:\/\/archfondas.lt\/en\/prisidek\/\",\"url\":\"https:\/\/archfondas.lt\/en\/prisidek\/\",\"name\":\"Contribute &#8211; Architekt\u016bros fondas\",\"isPartOf\":{\"@id\":\"https:\/\/archfondas.lt\/#website\"},\"primaryImageOfPage\":{\"@id\":\"https:\/\/archfondas.lt\/en\/prisidek\/#primaryimage\"},\"image\":{\"@id\":\"https:\/\/archfondas.lt\/en\/prisidek\/#primaryimage\"},\"thumbnailUrl\":\"https:\/\/archfondas.lt\/wp-content\/uploads\/2023\/04\/75302858_2646511418732634_278170317203963904_n-e1682259461652.jpg\",\"datePublished\":\"2022-05-16T12:08:30+00:00\",\"dateModified\":\"2023-04-23T14:17:51+00:00\",\"breadcrumb\":{\"@id\":\"https:\/\/archfondas.lt\/en\/prisidek\/#breadcrumb\"},\"inLanguage\":\"en-US\",\"potentialAction\":[{\"@type\":\"ReadAction\",\"target\":[\"https:\/\/archfondas.lt\/en\/prisidek\/\"]}]},{\"@type\":\"ImageObject\",\"inLanguage\":\"en-US\",\"@id\":\"https:\/\/archfondas.lt\/en\/prisidek\/#primaryimage\",\"url\":\"https:\/\/archfondas.lt\/wp-content\/uploads\/2023\/04\/75302858_2646511418732634_278170317203963904_n-e1682259461652.jpg\",\"contentUrl\":\"https:\/\/archfondas.lt\/wp-content\/uploads\/2023\/04\/75302858_2646511418732634_278170317203963904_n-e1682259461652.jpg\",\"width\":1884,\"height\":913,\"caption\":\"Photo by Marius Luko\u0161i\u016bnas.\"},{\"@type\":\"BreadcrumbList\",\"@id\":\"https:\/\/archfondas.lt\/en\/prisidek\/#breadcrumb\",\"itemListElement\":[{\"@type\":\"ListItem\",\"position\":1,\"name\":\"Home\",\"item\":\"https:\/\/archfondas.lt\/en\/\"},{\"@type\":\"ListItem\",\"position\":2,\"name\":\"Contribute\"}]},{\"@type\":\"WebSite\",\"@id\":\"https:\/\/archfondas.lt\/#website\",\"url\":\"https:\/\/archfondas.lt\/\",\"name\":\"Architekt\u016bros fondas\",\"description\":\"Mes esame nevyriausybin\u0117, pelno nesiekianti organizacija kurianti bei puosel\u0117janti architekt\u016bros kult\u016br\u0105.\",\"publisher\":{\"@id\":\"https:\/\/archfondas.lt\/#organization\"},\"potentialAction\":[{\"@type\":\"SearchAction\",\"target\":{\"@type\":\"EntryPoint\",\"urlTemplate\":\"https:\/\/archfondas.lt\/?s={search_term_string}\"},\"query-input\":{\"@type\":\"PropertyValueSpecification\",\"valueRequired\":true,\"valueName\":\"search_term_string\"}}],\"inLanguage\":\"en-US\"},{\"@type\":\"Organization\",\"@id\":\"https:\/\/archfondas.lt\/#organization\",\"name\":\"Architekt\u016bros fondas\",\"url\":\"https:\/\/archfondas.lt\/\",\"logo\":{\"@type\":\"ImageObject\",\"inLanguage\":\"en-US\",\"@id\":\"https:\/\/archfondas.lt\/#\/schema\/logo\/image\/\",\"url\":\"https:\/\/archfondas.lt\/wp-content\/uploads\/2023\/04\/archfondas-logo.svg\",\"contentUrl\":\"https:\/\/archfondas.lt\/wp-content\/uploads\/2023\/04\/archfondas-logo.svg\",\"width\":483,\"height\":124,\"caption\":\"Architekt\u016bros fondas\"},\"image\":{\"@id\":\"https:\/\/archfondas.lt\/#\/schema\/logo\/image\/\"},\"sameAs\":[\"https:\/\/www.facebook.com\/archfondas\",\"https:\/\/x.com\/archfondas\"]}]}<\/script>\n<!-- \/ Yoast SEO plugin. -->","yoast_head_json":{"title":"Contribute &#8211; Architekt\u016bros fondas","robots":{"index":"index","follow":"follow","max-snippet":"max-snippet:-1","max-image-preview":"max-image-preview:large","max-video-preview":"max-video-preview:-1"},"canonical":"https:\/\/archfondas.lt\/en\/prisidek\/","og_locale":"en_US","og_type":"article","og_title":"Contribute &#8211; Architekt\u016bros fondas","og_description":"Contribute to the activities of Architekt\u016bros fondas Everyone can contribute to our activities! Whether it is by volunteering, financial or verbal support, every action is crucial for us to create and nurture the culture of architecture. We are truly grateful to all the dedicated architecture enthusiasts who help us to realise a wide range of [&hellip;]","og_url":"https:\/\/archfondas.lt\/en\/prisidek\/","og_site_name":"Architekt\u016bros fondas","article_publisher":"https:\/\/www.facebook.com\/archfondas","article_modified_time":"2023-04-23T14:17:51+00:00","og_image":[{"width":1884,"height":913,"url":"https:\/\/archfondas.lt\/wp-content\/uploads\/2023\/04\/75302858_2646511418732634_278170317203963904_n-e1682259461652.jpg","type":"image\/jpeg"}],"twitter_card":"summary_large_image","twitter_site":"@archfondas","twitter_misc":{"Est. reading time":"1 minute"},"schema":{"@context":"https:\/\/schema.org","@graph":[{"@type":"WebPage","@id":"https:\/\/archfondas.lt\/en\/prisidek\/","url":"https:\/\/archfondas.lt\/en\/prisidek\/","name":"Contribute &#8211; Architekt\u016bros fondas","isPartOf":{"@id":"https:\/\/archfondas.lt\/#website"},"primaryImageOfPage":{"@id":"https:\/\/archfondas.lt\/en\/prisidek\/#primaryimage"},"image":{"@id":"https:\/\/archfondas.lt\/en\/prisidek\/#primaryimage"},"thumbnailUrl":"https:\/\/archfondas.lt\/wp-content\/uploads\/2023\/04\/75302858_2646511418732634_278170317203963904_n-e1682259461652.jpg","datePublished":"2022-05-16T12:08:30+00:00","dateModified":"2023-04-23T14:17:51+00:00","breadcrumb":{"@id":"https:\/\/archfondas.lt\/en\/prisidek\/#breadcrumb"},"inLanguage":"en-US","potentialAction":[{"@type":"ReadAction","target":["https:\/\/archfondas.lt\/en\/prisidek\/"]}]},{"@type":"ImageObject","inLanguage":"en-US","@id":"https:\/\/archfondas.lt\/en\/prisidek\/#primaryimage","url":"https:\/\/archfondas.lt\/wp-content\/uploads\/2023\/04\/75302858_2646511418732634_278170317203963904_n-e1682259461652.jpg","contentUrl":"https:\/\/archfondas.lt\/wp-content\/uploads\/2023\/04\/75302858_2646511418732634_278170317203963904_n-e1682259461652.jpg","width":1884,"height":913,"caption":"Photo by Marius Luko\u0161i\u016bnas."},{"@type":"BreadcrumbList","@id":"https:\/\/archfondas.lt\/en\/prisidek\/#breadcrumb","itemListElement":[{"@type":"ListItem","position":1,"name":"Home","item":"https:\/\/archfondas.lt\/en\/"},{"@type":"ListItem","position":2,"name":"Contribute"}]},{"@type":"WebSite","@id":"https:\/\/archfondas.lt\/#website","url":"https:\/\/archfondas.lt\/","name":"Architekt\u016bros fondas","description":"Mes esame nevyriausybin\u0117, pelno nesiekianti organizacija kurianti bei puosel\u0117janti architekt\u016bros kult\u016br\u0105.","publisher":{"@id":"https:\/\/archfondas.lt\/#organization"},"potentialAction":[{"@type":"SearchAction","target":{"@type":"EntryPoint","urlTemplate":"https:\/\/archfondas.lt\/?s={search_term_string}"},"query-input":{"@type":"PropertyValueSpecification","valueRequired":true,"valueName":"search_term_string"}}],"inLanguage":"en-US"},{"@type":"Organization","@id":"https:\/\/archfondas.lt\/#organization","name":"Architekt\u016bros fondas","url":"https:\/\/archfondas.lt\/","logo":{"@type":"ImageObject","inLanguage":"en-US","@id":"https:\/\/archfondas.lt\/#\/schema\/logo\/image\/","url":"https:\/\/archfondas.lt\/wp-content\/uploads\/2023\/04\/archfondas-logo.svg","contentUrl":"https:\/\/archfondas.lt\/wp-content\/uploads\/2023\/04\/archfondas-logo.svg","width":483,"height":124,"caption":"Architekt\u016bros fondas"},"image":{"@id":"https:\/\/archfondas.lt\/#\/schema\/logo\/image\/"},"sameAs":["https:\/\/www.facebook.com\/archfondas","https:\/\/x.com\/archfondas"]}]}},"_links":{"self":[{"href":"https:\/\/archfondas.lt\/en\/wp-json\/wp\/v2\/pages\/4229","targetHints":{"allow":["GET"]}}],"collection":[{"href":"https:\/\/archfondas.lt\/en\/wp-json\/wp\/v2\/pages"}],"about":[{"href":"https:\/\/archfondas.lt\/en\/wp-json\/wp\/v2\/types\/page"}],"author":[{"embeddable":true,"href":"https:\/\/archfondas.lt\/en\/wp-json\/wp\/v2\/users\/1"}],"replies":[{"embeddable":true,"href":"https:\/\/archfondas.lt\/en\/wp-json\/wp\/v2\/comments?post=4229"}],"version-history":[{"count":33,"href":"https:\/\/archfondas.lt\/en\/wp-json\/wp\/v2\/pages\/4229\/revisions"}],"predecessor-version":[{"id":25610,"href":"https:\/\/archfondas.lt\/en\/wp-json\/wp\/v2\/pages\/4229\/revisions\/25610"}],"wp:featuredmedia":[{"embeddable":true,"href":"https:\/\/archfondas.lt\/en\/wp-json\/wp\/v2\/media\/25858"}],"wp:attachment":[{"href":"https:\/\/archfondas.lt\/en\/wp-json\/wp\/v2\/media?parent=4229"}],"curies":[{"name":"wp","href":"https:\/\/api.w.org\/{rel}","templated":true}]}}